{"id":269,"date":"2023-08-24T16:07:12","date_gmt":"2023-08-24T16:07:12","guid":{"rendered":"https:\/\/dt360.group\/wml\/?page_id=269"},"modified":"2023-10-23T17:35:54","modified_gmt":"2023-10-23T17:35:54","slug":"quienes-somos","status":"publish","type":"page","link":"https:\/\/wmlaboratory.com\/index.php\/quienes-somos\/","title":{"rendered":"QUIENES SOMOS"},"content":{"rendered":"\t\t<div data-elementor-type=\"wp-page\" data-elementor-id=\"269\" class=\"elementor elementor-269\">\n\t\t\t\t<div class=\"elementor-element elementor-element-f340929 e-flex e-con-boxed wpr-particle-no wpr-jarallax-no wpr-parallax-no wpr-sticky-section-no wpr-column-slider-no wpr-equal-height-no e-con e-parent\" data-id=\"f340929\" data-element_type=\"container\" data-e-type=\"container\" data-settings=\"{&quot;background_background&quot;:&quot;classic&quot;}\">\n\t\t\t\t\t<div class=\"e-con-inner\">\n\t\t\t\t<div class=\"elementor-element elementor-element-ec9f59a elementor-widget elementor-widget-image\" data-id=\"ec9f59a\" data-element_type=\"widget\" data-e-type=\"widget\" data-widget_type=\"image.default\">\n\t\t\t\t<div class=\"elementor-widget-container\">\n\t\t\t\t\t\t\t\t\t\t\t\t\t\t\t<img fetchpriority=\"high\" decoding=\"async\" width=\"800\" height=\"339\" src=\"https:\/\/wmlaboratory.com\/wp-content\/uploads\/2023\/08\/doctor-performing-medical-research-lab-9-4-1024x434.jpg\" class=\"attachment-large size-large wp-image-273\" alt=\"\" srcset=\"https:\/\/wmlaboratory.com\/wp-content\/uploads\/2023\/08\/doctor-performing-medical-research-lab-9-4-1024x434.jpg 1024w, https:\/\/wmlaboratory.com\/wp-content\/uploads\/2023\/08\/doctor-performing-medical-research-lab-9-4-300x127.jpg 300w, https:\/\/wmlaboratory.com\/wp-content\/uploads\/2023\/08\/doctor-performing-medical-research-lab-9-4-768x326.jpg 768w, https:\/\/wmlaboratory.com\/wp-content\/uploads\/2023\/08\/doctor-performing-medical-research-lab-9-4.jpg 1179w\" sizes=\"(max-width: 800px) 100vw, 800px\" \/>\t\t\t\t\t\t\t\t\t\t\t\t\t\t\t<\/div>\n\t\t\t\t<\/div>\n\t\t\t\t<div class=\"elementor-element elementor-element-7ec09ba elementor-widget elementor-widget-heading\" data-id=\"7ec09ba\" data-element_type=\"widget\" data-e-type=\"widget\" data-widget_type=\"heading.default\">\n\t\t\t\t<div class=\"elementor-widget-container\">\n\t\t\t\t\t<h2 class=\"elementor-heading-title elementor-size-default\">World Medical Laboratory es fundada el a\u00f1o 2016\npor profesionales del \u00e1rea de la salud con m\u00e1s de\n25 a\u00f1os de experiencia<\/h2>\t\t\t\t<\/div>\n\t\t\t\t<\/div>\n\t\t\t\t<div class=\"elementor-element elementor-element-5087b97 elementor-widget elementor-widget-heading\" data-id=\"5087b97\" data-element_type=\"widget\" data-e-type=\"widget\" data-widget_type=\"heading.default\">\n\t\t\t\t<div class=\"elementor-widget-container\">\n\t\t\t\t\t<h2 class=\"elementor-heading-title elementor-size-default\">Quienes se desarrollaron en negocios para varias empresas transnacionales, creando equipos de alto rendimiento para cumplir con los objetivos de forma continua, adecuada y sustentable. <\/h2>\t\t\t\t<\/div>\n\t\t\t\t<\/div>\n\t\t\t\t\t<\/div>\n\t\t\t\t<\/div>\n\t\t<div class=\"elementor-element elementor-element-09cc0c0 e-flex e-con-boxed wpr-particle-no wpr-jarallax-no wpr-parallax-no wpr-sticky-section-no wpr-column-slider-no wpr-equal-height-no e-con e-parent\" data-id=\"09cc0c0\" data-element_type=\"container\" data-e-type=\"container\">\n\t\t\t\t\t<div class=\"e-con-inner\">\n\t\t\t\t<div class=\"elementor-element elementor-element-1726e1c elementor-widget elementor-widget-image\" data-id=\"1726e1c\" data-element_type=\"widget\" data-e-type=\"widget\" data-widget_type=\"image.default\">\n\t\t\t\t<div class=\"elementor-widget-container\">\n\t\t\t\t\t\t\t\t\t\t\t\t\t\t\t<img decoding=\"async\" width=\"800\" height=\"279\" src=\"https:\/\/wmlaboratory.com\/wp-content\/uploads\/2023\/08\/Recurso-1-100-1024x357.jpg\" class=\"attachment-large size-large wp-image-281\" alt=\"\" srcset=\"https:\/\/wmlaboratory.com\/wp-content\/uploads\/2023\/08\/Recurso-1-100-1024x357.jpg 1024w, https:\/\/wmlaboratory.com\/wp-content\/uploads\/2023\/08\/Recurso-1-100-300x104.jpg 300w, https:\/\/wmlaboratory.com\/wp-content\/uploads\/2023\/08\/Recurso-1-100-768x268.jpg 768w, https:\/\/wmlaboratory.com\/wp-content\/uploads\/2023\/08\/Recurso-1-100.jpg 1223w\" sizes=\"(max-width: 800px) 100vw, 800px\" \/>\t\t\t\t\t\t\t\t\t\t\t\t\t\t\t<\/div>\n\t\t\t\t<\/div>\n\t\t\t\t<div class=\"elementor-element elementor-element-364b969 elementor-widget__width-initial elementor-widget elementor-widget-heading\" data-id=\"364b969\" data-element_type=\"widget\" data-e-type=\"widget\" data-widget_type=\"heading.default\">\n\t\t\t\t<div class=\"elementor-widget-container\">\n\t\t\t\t\t<h2 class=\"elementor-heading-title elementor-size-default\">Somos un equipo que trabaja profesionalmente\npara aportar soluciones a laboratorios cl\u00ednicos<\/h2>\t\t\t\t<\/div>\n\t\t\t\t<\/div>\n\t\t\t\t<div class=\"elementor-element elementor-element-1a92596 elementor-widget__width-initial elementor-widget elementor-widget-heading\" data-id=\"1a92596\" data-element_type=\"widget\" data-e-type=\"widget\" data-widget_type=\"heading.default\">\n\t\t\t\t<div class=\"elementor-widget-container\">\n\t\t\t\t\t<h2 class=\"elementor-heading-title elementor-size-default\">en el \u00e1rea de biolog\u00eda molecular, qu\u00edmica cl\u00ednica &amp; electrolitos, hematolog\u00eda,\nurian\u00e1lisis, microbiolog\u00eda y test r\u00e1pidos tanto del sector p\u00fablico como privado.<\/h2>\t\t\t\t<\/div>\n\t\t\t\t<\/div>\n\t\t\t\t\t<\/div>\n\t\t\t\t<\/div>\n\t\t<div class=\"elementor-element elementor-element-4ef7b3d e-flex e-con-boxed wpr-particle-no wpr-jarallax-no wpr-parallax-no wpr-sticky-section-no wpr-column-slider-no wpr-equal-height-no e-con e-parent\" data-id=\"4ef7b3d\" data-element_type=\"container\" data-e-type=\"container\" data-settings=\"{&quot;background_background&quot;:&quot;classic&quot;}\">\n\t\t\t\t\t<div class=\"e-con-inner\">\n\t\t<div class=\"elementor-element elementor-element-2e56e24 e-con-full e-flex wpr-particle-no wpr-jarallax-no wpr-parallax-no wpr-sticky-section-no wpr-column-slider-no wpr-equal-height-no e-con e-child\" data-id=\"2e56e24\" data-element_type=\"container\" data-e-type=\"container\">\n\t\t\t\t<div class=\"elementor-element elementor-element-84164f3 e-transform elementor-widget elementor-widget-image\" data-id=\"84164f3\" data-element_type=\"widget\" data-e-type=\"widget\" data-settings=\"{&quot;_transform_scale_effect&quot;:{&quot;unit&quot;:&quot;px&quot;,&quot;size&quot;:&quot;&quot;,&quot;sizes&quot;:[]},&quot;_transform_scale_effect_tablet&quot;:{&quot;unit&quot;:&quot;px&quot;,&quot;size&quot;:&quot;&quot;,&quot;sizes&quot;:[]},&quot;_transform_scale_effect_mobile&quot;:{&quot;unit&quot;:&quot;px&quot;,&quot;size&quot;:&quot;&quot;,&quot;sizes&quot;:[]}}\" data-widget_type=\"image.default\">\n\t\t\t\t<div class=\"elementor-widget-container\">\n\t\t\t\t\t\t\t\t\t\t\t\t\t\t\t<img decoding=\"async\" width=\"430\" height=\"486\" src=\"https:\/\/wmlaboratory.com\/wp-content\/uploads\/2023\/08\/01.jpg\" class=\"attachment-full size-full wp-image-287\" alt=\"\" srcset=\"https:\/\/wmlaboratory.com\/wp-content\/uploads\/2023\/08\/01.jpg 430w, https:\/\/wmlaboratory.com\/wp-content\/uploads\/2023\/08\/01-265x300.jpg 265w\" sizes=\"(max-width: 430px) 100vw, 430px\" \/>\t\t\t\t\t\t\t\t\t\t\t\t\t\t\t<\/div>\n\t\t\t\t<\/div>\n\t\t\t\t<\/div>\n\t\t<div class=\"elementor-element elementor-element-74dacdf e-con-full e-flex wpr-particle-no wpr-jarallax-no wpr-parallax-no wpr-sticky-section-no wpr-column-slider-no wpr-equal-height-no e-con e-child\" data-id=\"74dacdf\" data-element_type=\"container\" data-e-type=\"container\">\n\t\t\t\t<div class=\"elementor-element elementor-element-425a49e elementor-widget elementor-widget-image\" data-id=\"425a49e\" data-element_type=\"widget\" data-e-type=\"widget\" data-widget_type=\"image.default\">\n\t\t\t\t<div class=\"elementor-widget-container\">\n\t\t\t\t\t\t\t\t\t\t\t\t\t\t\t<img loading=\"lazy\" decoding=\"async\" width=\"430\" height=\"486\" src=\"https:\/\/wmlaboratory.com\/wp-content\/uploads\/2023\/08\/02.jpg\" class=\"attachment-large size-large wp-image-288\" alt=\"\" srcset=\"https:\/\/wmlaboratory.com\/wp-content\/uploads\/2023\/08\/02.jpg 430w, https:\/\/wmlaboratory.com\/wp-content\/uploads\/2023\/08\/02-265x300.jpg 265w\" sizes=\"(max-width: 430px) 100vw, 430px\" \/>\t\t\t\t\t\t\t\t\t\t\t\t\t\t\t<\/div>\n\t\t\t\t<\/div>\n\t\t\t\t<\/div>\n\t\t\t\t\t<\/div>\n\t\t\t\t<\/div>\n\t\t<div class=\"elementor-element elementor-element-2fbb5b0 e-flex e-con-boxed wpr-particle-no wpr-jarallax-no wpr-parallax-no wpr-sticky-section-no wpr-column-slider-no wpr-equal-height-no e-con e-parent\" data-id=\"2fbb5b0\" data-element_type=\"container\" data-e-type=\"container\" data-settings=\"{&quot;background_background&quot;:&quot;classic&quot;}\">\n\t\t\t\t\t<div class=\"e-con-inner\">\n\t\t\t\t<div class=\"elementor-element elementor-element-e488555 elementor-widget__width-initial elementor-widget elementor-widget-heading\" data-id=\"e488555\" data-element_type=\"widget\" data-e-type=\"widget\" data-widget_type=\"heading.default\">\n\t\t\t\t<div class=\"elementor-widget-container\">\n\t\t\t\t\t<h2 class=\"elementor-heading-title elementor-size-default\"><b>Nuestro objetivo fundamental es dedicarnos al desarrollo de nuevos negocios en los nichos de especialidad de los laboratorios cl\u00ednicos<\/b>, donde podamos generar un aporte y mejoramiento continuo en los resultados de los ex\u00e1menes de las distintas \u00e1reas de los laboratorios cl\u00ednicos.<\/h2>\t\t\t\t<\/div>\n\t\t\t\t<\/div>\n\t\t\t\t<div class=\"elementor-element elementor-element-6236af1 elementor-widget elementor-widget-image\" data-id=\"6236af1\" data-element_type=\"widget\" data-e-type=\"widget\" data-widget_type=\"image.default\">\n\t\t\t\t<div class=\"elementor-widget-container\">\n\t\t\t\t\t\t\t\t\t\t\t\t\t\t\t<img loading=\"lazy\" decoding=\"async\" width=\"800\" height=\"348\" src=\"https:\/\/wmlaboratory.com\/wp-content\/uploads\/2023\/08\/front-view-doctor-wearing-with-substances-1024x445.jpg\" class=\"attachment-large size-large wp-image-292\" alt=\"\" srcset=\"https:\/\/wmlaboratory.com\/wp-content\/uploads\/2023\/08\/front-view-doctor-wearing-with-substances-1024x445.jpg 1024w, https:\/\/wmlaboratory.com\/wp-content\/uploads\/2023\/08\/front-view-doctor-wearing-with-substances-300x130.jpg 300w, https:\/\/wmlaboratory.com\/wp-content\/uploads\/2023\/08\/front-view-doctor-wearing-with-substances-768x334.jpg 768w, https:\/\/wmlaboratory.com\/wp-content\/uploads\/2023\/08\/front-view-doctor-wearing-with-substances-1536x668.jpg 1536w, https:\/\/wmlaboratory.com\/wp-content\/uploads\/2023\/08\/front-view-doctor-wearing-with-substances-2048x891.jpg 2048w\" sizes=\"(max-width: 800px) 100vw, 800px\" \/>\t\t\t\t\t\t\t\t\t\t\t\t\t\t\t<\/div>\n\t\t\t\t<\/div>\n\t\t\t\t<div class=\"elementor-element elementor-element-89eedca elementor-widget elementor-widget-heading\" data-id=\"89eedca\" data-element_type=\"widget\" data-e-type=\"widget\" data-widget_type=\"heading.default\">\n\t\t\t\t<div class=\"elementor-widget-container\">\n\t\t\t\t\t<h2 class=\"elementor-heading-title elementor-size-default\">ENTREGAMOS LA MEJOR TECNOLOG\u00cdA Y EL MEJOR SERVICIO\nDONDE INNOVACI\u00d3N ES EL PILAR FUNDAMENTAL <\/h2>\t\t\t\t<\/div>\n\t\t\t\t<\/div>\n\t\t\t\t<div class=\"elementor-element elementor-element-c9e5b97 elementor-widget elementor-widget-heading\" data-id=\"c9e5b97\" data-element_type=\"widget\" data-e-type=\"widget\" data-widget_type=\"heading.default\">\n\t\t\t\t<div class=\"elementor-widget-container\">\n\t\t\t\t\t<h2 class=\"elementor-heading-title elementor-size-default\">que est\u00e1 d\u00eda a d\u00eda en nuestra b\u00fasqueda para suplir las necesidades del mercado\ny superar las expectativas de nuestros clientes<\/h2>\t\t\t\t<\/div>\n\t\t\t\t<\/div>\n\t\t\t\t\t<\/div>\n\t\t\t\t<\/div>\n\t\t<div class=\"elementor-element elementor-element-1a4e7db e-flex e-con-boxed wpr-particle-no wpr-jarallax-no wpr-parallax-no wpr-sticky-section-no wpr-column-slider-no wpr-equal-height-no e-con e-parent\" data-id=\"1a4e7db\" data-element_type=\"container\" data-e-type=\"container\" data-settings=\"{&quot;background_background&quot;:&quot;classic&quot;}\">\n\t\t\t\t\t<div class=\"e-con-inner\">\n\t\t\t\t<div class=\"elementor-element elementor-element-c351740 elementor-widget elementor-widget-image\" data-id=\"c351740\" data-element_type=\"widget\" data-e-type=\"widget\" data-widget_type=\"image.default\">\n\t\t\t\t<div class=\"elementor-widget-container\">\n\t\t\t\t\t\t\t\t\t\t\t\t\t\t\t<img loading=\"lazy\" decoding=\"async\" width=\"800\" height=\"178\" src=\"https:\/\/wmlaboratory.com\/wp-content\/uploads\/2023\/08\/Recurso-4-8.png\" class=\"attachment-large size-large wp-image-294\" alt=\"\" srcset=\"https:\/\/wmlaboratory.com\/wp-content\/uploads\/2023\/08\/Recurso-4-8.png 816w, https:\/\/wmlaboratory.com\/wp-content\/uploads\/2023\/08\/Recurso-4-8-300x67.png 300w, https:\/\/wmlaboratory.com\/wp-content\/uploads\/2023\/08\/Recurso-4-8-768x171.png 768w\" sizes=\"(max-width: 800px) 100vw, 800px\" \/>\t\t\t\t\t\t\t\t\t\t\t\t\t\t\t<\/div>\n\t\t\t\t<\/div>\n\t\t\t\t\t<\/div>\n\t\t\t\t<\/div>\n\t\t\t\t<\/div>\n\t\t","protected":false},"excerpt":{"rendered":"<p>World Medical Laboratory es fundada el a\u00f1o 2016 por profesionales del \u00e1rea de la salud con m\u00e1s de 25 a\u00f1os de experiencia Quienes se desarrollaron en negocios para varias empresas transnacionales, creando equipos de alto rendimiento para cumplir con los objetivos de forma continua, adecuada y sustentable. Somos un equipo que trabaja profesionalmente para aportar soluciones a laboratorios cl\u00ednicos en el \u00e1rea de biolog\u00eda molecular, qu\u00edmica cl\u00ednica &#038; electrolitos, hematolog\u00eda, urian\u00e1lisis, microbiolog\u00eda y test r\u00e1pidos tanto del sector p\u00fablico como privado. Nuestro objetivo fundamental es dedicarnos al desarrollo de nuevos negocios en los nichos de especialidad de los laboratorios cl\u00ednicos, donde podamos generar un aporte y mejoramiento continuo en los resultados de los ex\u00e1menes de las distintas \u00e1reas de los laboratorios cl\u00ednicos. ENTREGAMOS LA MEJOR TECNOLOG\u00cdA Y EL MEJOR SERVICIO DONDE INNOVACI\u00d3N ES EL PILAR FUNDAMENTAL que est\u00e1 d\u00eda a d\u00eda en nuestra b\u00fasqueda para suplir las necesidades del mercado y superar las expectativas de nuestros clientes<\/p>\n","protected":false},"author":1,"featured_media":0,"parent":0,"menu_order":0,"comment_status":"closed","ping_status":"closed","template":"elementor_header_footer","meta":{"footnotes":""},"class_list":["post-269","page","type-page","status-publish","hentry"],"_links":{"self":[{"href":"https:\/\/wmlaboratory.com\/index.php\/wp-json\/wp\/v2\/pages\/269","targetHints":{"allow":["GET"]}}],"collection":[{"href":"https:\/\/wmlaboratory.com\/index.php\/wp-json\/wp\/v2\/pages"}],"about":[{"href":"https:\/\/wmlaboratory.com\/index.php\/wp-json\/wp\/v2\/types\/page"}],"author":[{"embeddable":true,"href":"https:\/\/wmlaboratory.com\/index.php\/wp-json\/wp\/v2\/users\/1"}],"replies":[{"embeddable":true,"href":"https:\/\/wmlaboratory.com\/index.php\/wp-json\/wp\/v2\/comments?post=269"}],"version-history":[{"count":3,"href":"https:\/\/wmlaboratory.com\/index.php\/wp-json\/wp\/v2\/pages\/269\/revisions"}],"predecessor-version":[{"id":1127,"href":"https:\/\/wmlaboratory.com\/index.php\/wp-json\/wp\/v2\/pages\/269\/revisions\/1127"}],"wp:attachment":[{"href":"https:\/\/wmlaboratory.com\/index.php\/wp-json\/wp\/v2\/media?parent=269"}],"curies":[{"name":"wp","href":"https:\/\/api.w.org\/{rel}","templated":true}]}}