{"id":319,"date":"2023-08-24T19:28:22","date_gmt":"2023-08-24T19:28:22","guid":{"rendered":"https:\/\/dt360.group\/wml\/?page_id=319"},"modified":"2023-09-26T16:42:29","modified_gmt":"2023-09-26T16:42:29","slug":"noticias","status":"publish","type":"page","link":"https:\/\/wmlaboratory.com\/index.php\/noticias\/","title":{"rendered":"NOTICIAS"},"content":{"rendered":"\t\t<div data-elementor-type=\"wp-page\" data-elementor-id=\"319\" class=\"elementor elementor-319\">\n\t\t\t\t<div class=\"elementor-element elementor-element-1dbe5bb elementor-hidden-desktop e-flex e-con-boxed wpr-particle-no wpr-jarallax-no wpr-parallax-no wpr-sticky-section-no wpr-column-slider-no wpr-equal-height-no e-con e-parent\" data-id=\"1dbe5bb\" data-element_type=\"container\" data-e-type=\"container\" data-settings=\"{&quot;background_background&quot;:&quot;classic&quot;}\">\n\t\t\t\t\t<div class=\"e-con-inner\">\n\t\t\t\t<div class=\"elementor-element elementor-element-7c1f55b elementor-widget elementor-widget-heading\" data-id=\"7c1f55b\" data-element_type=\"widget\" data-e-type=\"widget\" data-widget_type=\"heading.default\">\n\t\t\t\t<div class=\"elementor-widget-container\">\n\t\t\t\t\t<h2 class=\"elementor-heading-title elementor-size-default\">\u00daLTIMAS NOTICIAS<\/h2>\t\t\t\t<\/div>\n\t\t\t\t<\/div>\n\t\t\t\t\t<\/div>\n\t\t\t\t<\/div>\n\t\t<div class=\"elementor-element elementor-element-4e1a2b4 e-flex e-con-boxed wpr-particle-no wpr-jarallax-no wpr-parallax-no wpr-sticky-section-no wpr-column-slider-no wpr-equal-height-no e-con e-parent\" data-id=\"4e1a2b4\" data-element_type=\"container\" data-e-type=\"container\" data-settings=\"{&quot;background_background&quot;:&quot;classic&quot;}\">\n\t\t\t\t\t<div class=\"e-con-inner\">\n\t\t\t\t<div class=\"elementor-element elementor-element-2bf6e61 wpr-grid-columns-3 wpr-grid-columns--tablet2 wpr-grid-columns--mobile1 wpr-grid-pagination-center wpr-item-styles-inner elementor-widget elementor-widget-wpr-grid\" data-id=\"2bf6e61\" data-element_type=\"widget\" data-e-type=\"widget\" data-widget_type=\"wpr-grid.default\">\n\t\t\t\t<div class=\"elementor-widget-container\">\n\t\t\t\t\t<ul class=\"wpr-grid-filters elementor-clearfix wpr-grid-filters-sep-right\"><li class=\" wpr-pointer-none wpr-pointer-line-fx wpr-pointer-fx-none\"><span   data-ajax-filter=[\"category\",\"noticias-generales\"]  data-filter=\".category-noticias-generales\">\u00daltimas Noticias<\/span><em class=\"wpr-grid-filters-sep\"><\/em><\/li><li class=\" wpr-pointer-none wpr-pointer-line-fx wpr-pointer-fx-none\"><span   data-ajax-filter=[\"category\",\"uncategorized-es\"]  data-filter=\".category-uncategorized-es\">Uncategorized<\/span><em class=\"wpr-grid-filters-sep\"><\/em><\/li><\/ul><section class=\"wpr-grid elementor-clearfix\" data-settings=\"{&quot;layout&quot;:&quot;fitRows&quot;,&quot;stick_last_element_to_bottom&quot;:&quot;&quot;,&quot;columns_desktop&quot;:&quot;3&quot;,&quot;gutter_hr&quot;:15,&quot;gutter_hr_mobile&quot;:15,&quot;gutter_hr_mobile_extra&quot;:15,&quot;gutter_hr_tablet&quot;:15,&quot;gutter_hr_tablet_extra&quot;:15,&quot;gutter_hr_laptop&quot;:15,&quot;gutter_hr_widescreen&quot;:15,&quot;gutter_vr&quot;:15,&quot;gutter_vr_mobile&quot;:15,&quot;gutter_vr_mobile_extra&quot;:15,&quot;gutter_vr_tablet&quot;:15,&quot;gutter_vr_tablet_extra&quot;:15,&quot;gutter_vr_laptop&quot;:15,&quot;gutter_vr_widescreen&quot;:15,&quot;animation&quot;:&quot;default&quot;,&quot;animation_duration&quot;:0.299999999999999988897769753748434595763683319091796875,&quot;animation_delay&quot;:0.1000000000000000055511151231257827021181583404541015625,&quot;deeplinking&quot;:&quot;&quot;,&quot;filters_linkable&quot;:&quot;no&quot;,&quot;filters_default_filter&quot;:&quot;&quot;,&quot;filters_count&quot;:&quot;&quot;,&quot;filters_hide_empty&quot;:&quot;no&quot;,&quot;filters_animation&quot;:&quot;default&quot;,&quot;filters_animation_duration&quot;:0.299999999999999988897769753748434595763683319091796875,&quot;filters_animation_delay&quot;:0.1000000000000000055511151231257827021181583404541015625,&quot;pagination_type&quot;:&quot;load-more&quot;,&quot;pagination_max_pages&quot;:1,&quot;lightbox&quot;:{&quot;selector&quot;:&quot;.wpr-grid-image-wrap&quot;,&quot;iframeMaxWidth&quot;:&quot;60%&quot;,&quot;hash&quot;:false,&quot;autoplay&quot;:&quot;true&quot;,&quot;pause&quot;:5000,&quot;progressBar&quot;:&quot;true&quot;,&quot;counter&quot;:&quot;true&quot;,&quot;controls&quot;:&quot;true&quot;,&quot;getCaptionFromTitleOrAlt&quot;:&quot;true&quot;,&quot;thumbnail&quot;:&quot;&quot;,&quot;showThumbByDefault&quot;:&quot;&quot;,&quot;share&quot;:&quot;&quot;,&quot;zoom&quot;:&quot;true&quot;,&quot;fullScreen&quot;:&quot;true&quot;,&quot;download&quot;:&quot;true&quot;}}\" data-advanced-filters=\"no\"><article class=\"wpr-grid-item elementor-clearfix post-518 post type-post status-publish format-standard has-post-thumbnail hentry category-noticias-generales\"><div class=\"wpr-grid-item-inner\"><div class=\"wpr-grid-media-wrap wpr-effect-size-medium \" data-overlay-link=\"yes\"><div class=\"wpr-grid-image-wrap\" data-src=\"https:\/\/wmlaboratory.com\/wp-content\/uploads\/2023\/08\/doctor-performing-medical-research-lab-9-7.jpg\" data-img-on-hover=\"\"  data-src-secondary=\"\"><img decoding=\"async\" data-no-lazy=\"1\" src=\"https:\/\/wmlaboratory.com\/wp-content\/uploads\/2023\/08\/doctor-performing-medical-research-lab-9-7.jpg\" alt=\"Una experiencia global\" class=\"wpr-anim-timing-ease-default\"><\/div><div class=\"wpr-grid-media-hover wpr-animation-wrap\"><div class=\"wpr-grid-media-hover-bg  wpr-overlay-fade-in wpr-anim-size-large wpr-anim-timing-ease-default wpr-anim-transparency\" data-url=\"https:\/\/wmlaboratory.com\/index.php\/2023\/08\/29\/una-experiencia-global-de-aprendizaje\/\"><\/div><\/div><\/div><div class=\"wpr-grid-item-below-content elementor-clearfix\"><h2 class=\"wpr-grid-item-title elementor-repeater-item-6f8b877 wpr-grid-item-display-block wpr-grid-item-align-center wpr-pointer-none wpr-pointer-line-fx wpr-pointer-fx-fade\"><div class=\"inner-block\"><a target=\"_self\"  href=\"https:\/\/wmlaboratory.com\/index.php\/2023\/08\/29\/una-experiencia-global-de-aprendizaje\/\">Una experiencia global<\/a><\/div><\/h2><div class=\"wpr-grid-item-date elementor-repeater-item-10ae12a wpr-grid-item-display-inline wpr-grid-item-align-center\"><div class=\"inner-block\"><span>August 29, 2023<span class=\"wpr-grid-extra-text-right\">\/<\/span><\/span><\/div><\/div><div class=\"wpr-grid-item-excerpt elementor-repeater-item-56e990b wpr-grid-item-display-block wpr-grid-item-align-center\"><div class=\"inner-block\"><p>Fuimos a China a participar del primer \u201cLifotronic Global Engineer Training\u201d<\/p><\/div><\/div><div class=\"wpr-grid-item-read-more elementor-repeater-item-118a6ab wpr-grid-item-display-block wpr-grid-item-align-center\"><div class=\"inner-block\"><a target=\"_self\" href=\"https:\/\/wmlaboratory.com\/index.php\/2023\/08\/29\/una-experiencia-global-de-aprendizaje\/\" class=\"wpr-button-effect wpr-button-none\"><span>Ver m\u00e1s<\/span><\/a><\/div><\/div><\/div><\/div><\/article><article class=\"wpr-grid-item elementor-clearfix post-510 post type-post status-publish format-standard has-post-thumbnail hentry category-noticias-generales\"><div class=\"wpr-grid-item-inner\"><div class=\"wpr-grid-media-wrap wpr-effect-size-medium \" data-overlay-link=\"yes\"><div class=\"wpr-grid-image-wrap\" data-src=\"https:\/\/wmlaboratory.com\/wp-content\/uploads\/2023\/08\/42318817-1BA9-4F98-B73ED1F8CD6FF59E_source.webp\" data-img-on-hover=\"\"  data-src-secondary=\"\"><img decoding=\"async\" data-no-lazy=\"1\" src=\"https:\/\/wmlaboratory.com\/wp-content\/uploads\/2023\/08\/42318817-1BA9-4F98-B73ED1F8CD6FF59E_source.webp\" alt=\"A la vanguardia, siempre\" class=\"wpr-anim-timing-ease-default\"><\/div><div class=\"wpr-grid-media-hover wpr-animation-wrap\"><div class=\"wpr-grid-media-hover-bg  wpr-overlay-fade-in wpr-anim-size-large wpr-anim-timing-ease-default wpr-anim-transparency\" data-url=\"https:\/\/wmlaboratory.com\/index.php\/2023\/08\/29\/a-la-vanguardia-siempre\/\"><\/div><\/div><\/div><div class=\"wpr-grid-item-below-content elementor-clearfix\"><h2 class=\"wpr-grid-item-title elementor-repeater-item-6f8b877 wpr-grid-item-display-block wpr-grid-item-align-center wpr-pointer-none wpr-pointer-line-fx wpr-pointer-fx-fade\"><div class=\"inner-block\"><a target=\"_self\"  href=\"https:\/\/wmlaboratory.com\/index.php\/2023\/08\/29\/a-la-vanguardia-siempre\/\">A la vanguardia, siempre<\/a><\/div><\/h2><div class=\"wpr-grid-item-date elementor-repeater-item-10ae12a wpr-grid-item-display-inline wpr-grid-item-align-center\"><div class=\"inner-block\"><span>August 29, 2023<span class=\"wpr-grid-extra-text-right\">\/<\/span><\/span><\/div><\/div><div class=\"wpr-grid-item-excerpt elementor-repeater-item-56e990b wpr-grid-item-display-block wpr-grid-item-align-center\"><div class=\"inner-block\"><p>Durante la pandemia del a\u00f1o 2019 fuimos de las primeras empresas en incorporar la t\u00e9cnica para pcr covid en el...<\/p><\/div><\/div><div class=\"wpr-grid-item-read-more elementor-repeater-item-118a6ab wpr-grid-item-display-block wpr-grid-item-align-center\"><div class=\"inner-block\"><a target=\"_self\" href=\"https:\/\/wmlaboratory.com\/index.php\/2023\/08\/29\/a-la-vanguardia-siempre\/\" class=\"wpr-button-effect wpr-button-none\"><span>Ver m\u00e1s<\/span><\/a><\/div><\/div><\/div><\/div><\/article><article class=\"wpr-grid-item elementor-clearfix post-505 post type-post status-publish format-standard has-post-thumbnail hentry category-noticias-generales\"><div class=\"wpr-grid-item-inner\"><div class=\"wpr-grid-media-wrap wpr-effect-size-medium \" data-overlay-link=\"yes\"><div class=\"wpr-grid-image-wrap\" data-src=\"https:\/\/wmlaboratory.com\/wp-content\/uploads\/2023\/08\/la-mejor-tec.jpg\" data-img-on-hover=\"\"  data-src-secondary=\"\"><img decoding=\"async\" data-no-lazy=\"1\" src=\"https:\/\/wmlaboratory.com\/wp-content\/uploads\/2023\/08\/la-mejor-tec.jpg\" alt=\"La mejor tecnolog\u00eda\" class=\"wpr-anim-timing-ease-default\"><\/div><div class=\"wpr-grid-media-hover wpr-animation-wrap\"><div class=\"wpr-grid-media-hover-bg  wpr-overlay-fade-in wpr-anim-size-large wpr-anim-timing-ease-default wpr-anim-transparency\" data-url=\"https:\/\/wmlaboratory.com\/index.php\/2023\/08\/29\/la-mejor-tecnologia\/\"><\/div><\/div><\/div><div class=\"wpr-grid-item-below-content elementor-clearfix\"><h2 class=\"wpr-grid-item-title elementor-repeater-item-6f8b877 wpr-grid-item-display-block wpr-grid-item-align-center wpr-pointer-none wpr-pointer-line-fx wpr-pointer-fx-fade\"><div class=\"inner-block\"><a target=\"_self\"  href=\"https:\/\/wmlaboratory.com\/index.php\/2023\/08\/29\/la-mejor-tecnologia\/\">La mejor tecnolog\u00eda<\/a><\/div><\/h2><div class=\"wpr-grid-item-date elementor-repeater-item-10ae12a wpr-grid-item-display-inline wpr-grid-item-align-center\"><div class=\"inner-block\"><span>August 29, 2023<span class=\"wpr-grid-extra-text-right\">\/<\/span><\/span><\/div><\/div><div class=\"wpr-grid-item-excerpt elementor-repeater-item-56e990b wpr-grid-item-display-block wpr-grid-item-align-center\"><div class=\"inner-block\"><p>Llega a Elsa (Integramedica,Clinica Bupa) 2019<\/p><\/div><\/div><div class=\"wpr-grid-item-read-more elementor-repeater-item-118a6ab wpr-grid-item-display-block wpr-grid-item-align-center\"><div class=\"inner-block\"><a target=\"_self\" href=\"https:\/\/wmlaboratory.com\/index.php\/2023\/08\/29\/la-mejor-tecnologia\/\" class=\"wpr-button-effect wpr-button-none\"><span>Ver m\u00e1s<\/span><\/a><\/div><\/div><\/div><\/div><\/article><article class=\"wpr-grid-item elementor-clearfix post-489 post type-post status-publish format-standard has-post-thumbnail hentry category-noticias-generales\"><div class=\"wpr-grid-item-inner\"><div class=\"wpr-grid-media-wrap wpr-effect-size-medium \" data-overlay-link=\"yes\"><div class=\"wpr-grid-image-wrap\" data-src=\"https:\/\/wmlaboratory.com\/wp-content\/uploads\/2023\/08\/estamos-felices-2.jpg\" data-img-on-hover=\"\"  data-src-secondary=\"\"><img decoding=\"async\" data-no-lazy=\"1\" src=\"https:\/\/wmlaboratory.com\/wp-content\/uploads\/2023\/08\/estamos-felices-2.jpg\" alt=\"Estamos felices\" class=\"wpr-anim-timing-ease-default\"><\/div><div class=\"wpr-grid-media-hover wpr-animation-wrap\"><div class=\"wpr-grid-media-hover-bg  wpr-overlay-fade-in wpr-anim-size-large wpr-anim-timing-ease-default wpr-anim-transparency\" data-url=\"https:\/\/wmlaboratory.com\/index.php\/2023\/08\/29\/estamos-felices\/\"><\/div><\/div><\/div><div class=\"wpr-grid-item-below-content elementor-clearfix\"><h2 class=\"wpr-grid-item-title elementor-repeater-item-6f8b877 wpr-grid-item-display-block wpr-grid-item-align-center wpr-pointer-none wpr-pointer-line-fx wpr-pointer-fx-fade\"><div class=\"inner-block\"><a target=\"_self\"  href=\"https:\/\/wmlaboratory.com\/index.php\/2023\/08\/29\/estamos-felices\/\">Estamos felices<\/a><\/div><\/h2><div class=\"wpr-grid-item-date elementor-repeater-item-10ae12a wpr-grid-item-display-inline wpr-grid-item-align-center\"><div class=\"inner-block\"><span>August 29, 2023<span class=\"wpr-grid-extra-text-right\">\/<\/span><\/span><\/div><\/div><div class=\"wpr-grid-item-excerpt elementor-repeater-item-56e990b wpr-grid-item-display-block wpr-grid-item-align-center\"><div class=\"inner-block\"><p>Tenemos la distribuci\u00f3n de 10 empresas importantes a nivel mundial<\/p><\/div><\/div><div class=\"wpr-grid-item-read-more elementor-repeater-item-118a6ab wpr-grid-item-display-block wpr-grid-item-align-center\"><div class=\"inner-block\"><a target=\"_self\" href=\"https:\/\/wmlaboratory.com\/index.php\/2023\/08\/29\/estamos-felices\/\" class=\"wpr-button-effect wpr-button-none\"><span>Ver m\u00e1s<\/span><\/a><\/div><\/div><\/div><\/div><\/article><\/section>\t\t\t\t<\/div>\n\t\t\t\t<\/div>\n\t\t\t\t\t<\/div>\n\t\t\t\t<\/div>\n\t\t<div class=\"elementor-element elementor-element-6d191f9 e-flex e-con-boxed wpr-particle-no wpr-jarallax-no wpr-parallax-no wpr-sticky-section-no wpr-column-slider-no wpr-equal-height-no e-con e-parent\" data-id=\"6d191f9\" data-element_type=\"container\" data-e-type=\"container\">\n\t\t\t\t\t<div class=\"e-con-inner\">\n\t\t<div class=\"elementor-element elementor-element-51f52b8 e-con-full e-flex wpr-particle-no wpr-jarallax-no wpr-parallax-no wpr-sticky-section-no wpr-column-slider-no wpr-equal-height-no e-con e-child\" data-id=\"51f52b8\" data-element_type=\"container\" data-e-type=\"container\">\n\t\t\t\t<div class=\"elementor-element elementor-element-c0795c3 elementor-widget elementor-widget-heading\" data-id=\"c0795c3\" data-element_type=\"widget\" data-e-type=\"widget\" data-widget_type=\"heading.default\">\n\t\t\t\t<div class=\"elementor-widget-container\">\n\t\t\t\t\t<h2 class=\"elementor-heading-title elementor-size-default\">M\u00e1s noticias en<\/h2>\t\t\t\t<\/div>\n\t\t\t\t<\/div>\n\t\t\t\t<\/div>\n\t\t<div class=\"elementor-element elementor-element-b12ed75 e-con-full e-flex wpr-particle-no wpr-jarallax-no wpr-parallax-no wpr-sticky-section-no wpr-column-slider-no wpr-equal-height-no e-con e-child\" data-id=\"b12ed75\" data-element_type=\"container\" data-e-type=\"container\">\n\t\t\t\t<div class=\"elementor-element elementor-element-2bb031b elementor-widget elementor-widget-image\" data-id=\"2bb031b\" data-element_type=\"widget\" data-e-type=\"widget\" data-widget_type=\"image.default\">\n\t\t\t\t<div class=\"elementor-widget-container\">\n\t\t\t\t\t\t\t\t\t\t\t\t\t\t\t<img fetchpriority=\"high\" decoding=\"async\" width=\"512\" height=\"512\" src=\"https:\/\/wmlaboratory.com\/wp-content\/uploads\/2023\/08\/linkedin-svgrepo-com.png\" class=\"attachment-large size-large wp-image-594\" alt=\"\" srcset=\"https:\/\/wmlaboratory.com\/wp-content\/uploads\/2023\/08\/linkedin-svgrepo-com.png 512w, https:\/\/wmlaboratory.com\/wp-content\/uploads\/2023\/08\/linkedin-svgrepo-com-300x300.png 300w, https:\/\/wmlaboratory.com\/wp-content\/uploads\/2023\/08\/linkedin-svgrepo-com-150x150.png 150w\" sizes=\"(max-width: 512px) 100vw, 512px\" \/>\t\t\t\t\t\t\t\t\t\t\t\t\t\t\t<\/div>\n\t\t\t\t<\/div>\n\t\t\t\t<\/div>\n\t\t\t\t\t<\/div>\n\t\t\t\t<\/div>\n\t\t\t\t<\/div>\n\t\t","protected":false},"excerpt":{"rendered":"<p>\u00daLTIMAS NOTICIAS \u00daltimas Noticias Una experiencia global August 29, 2023\/ Fuimos a China a participar del primer \u201cLifotronic Global Engineer Training\u201d Ver m\u00e1s A la vanguardia, siempre August 29, 2023\/ Durante la pandemia del a\u00f1o 2019 fuimos de las primeras empresas en incorporar la t\u00e9cnica para pcr covid en el&hellip; Ver m\u00e1s La mejor tecnolog\u00eda August 29, 2023\/ Llega a Elsa (Integramedica,Clinica Bupa) 2019 Ver m\u00e1s Estamos felices August 29, 2023\/ Tenemos la distribuci\u00f3n de 10 empresas importantes a nivel mundial Ver m\u00e1s M\u00e1s noticias en<\/p>\n","protected":false},"author":1,"featured_media":0,"parent":0,"menu_order":0,"comment_status":"closed","ping_status":"closed","template":"elementor_header_footer","meta":{"footnotes":""},"class_list":["post-319","page","type-page","status-publish","hentry"],"_links":{"self":[{"href":"https:\/\/wmlaboratory.com\/index.php\/wp-json\/wp\/v2\/pages\/319","targetHints":{"allow":["GET"]}}],"collection":[{"href":"https:\/\/wmlaboratory.com\/index.php\/wp-json\/wp\/v2\/pages"}],"about":[{"href":"https:\/\/wmlaboratory.com\/index.php\/wp-json\/wp\/v2\/types\/page"}],"author":[{"embeddable":true,"href":"https:\/\/wmlaboratory.com\/index.php\/wp-json\/wp\/v2\/users\/1"}],"replies":[{"embeddable":true,"href":"https:\/\/wmlaboratory.com\/index.php\/wp-json\/wp\/v2\/comments?post=319"}],"version-history":[{"count":45,"href":"https:\/\/wmlaboratory.com\/index.php\/wp-json\/wp\/v2\/pages\/319\/revisions"}],"predecessor-version":[{"id":1028,"href":"https:\/\/wmlaboratory.com\/index.php\/wp-json\/wp\/v2\/pages\/319\/revisions\/1028"}],"wp:attachment":[{"href":"https:\/\/wmlaboratory.com\/index.php\/wp-json\/wp\/v2\/media?parent=319"}],"curies":[{"name":"wp","href":"https:\/\/api.w.org\/{rel}","templated":true}]}}